{"id":3690,"date":"2019-12-09T13:53:44","date_gmt":"2019-12-09T16:53:44","guid":{"rendered":"https:\/\/the7.io\/company\/?page_id=3631"},"modified":"2021-01-13T01:31:16","modified_gmt":"2021-01-13T04:31:16","slug":"direito-da-familia","status":"publish","type":"page","link":"https:\/\/carolmattosgalvao.com.br\/?page_id=3690","title":{"rendered":"Direito da Fam\u00edlia"},"content":{"rendered":"<p>[vc_row content_placement=&#8221;middle&#8221; css=&#8221;.vc_custom_1575390546273{padding-top: 55px !important;padding-bottom: 55px !important;}&#8221;][vc_column][vc_row_inner equal_height=&#8221;yes&#8221; content_placement=&#8221;middle&#8221;][vc_column_inner width=&#8221;1\/2&#8243; css=&#8221;.vc_custom_1610506450350{margin-top: 30px !important;margin-right: 25px !important;margin-bottom: 30px !important;margin-left: 25px !important;padding-top: 40% !important;padding-bottom: 40% !important;background-image: url(http:\/\/carolmattosgalvao.com.br\/wp-content\/uploads\/2021\/01\/direito-da-familia.jpg?id=3805) !important;background-position: center !important;background-repeat: no-repeat !important;background-size: cover !important;}&#8221;][\/vc_column_inner][vc_column_inner width=&#8221;1\/2&#8243; css=&#8221;.vc_custom_1575390506246{margin-top: 30px !important;margin-bottom: 30px !important;}&#8221;]<div id=\"ultimate-heading-225869f767f3d58bd\" class=\"uvc-heading ult-adjust-bottom-margin ultimate-heading-225869f767f3d58bd uvc-1095 \" data-hspacer=\"no_spacer\"  data-halign=\"center\" style=\"text-align:center\"><div class=\"uvc-heading-spacer no_spacer\" style=\"top\"><\/div><div class=\"uvc-main-heading ult-responsive\"  data-ultimate-target='.uvc-heading.ultimate-heading-225869f767f3d58bd h3'  data-responsive-json-new='{\"font-size\":\"desktop:42px;\",\"line-height\":\"\"}' ><h3 style=\"font-weight:bold;color:#31736e;margin-bottom:20px;\">Direito da Fam\u00edlia<\/h3><\/div><\/div>[vc_column_text]<\/p>\n<p style=\"text-align: center;\">As fam\u00edlias se formam pela afetividade e dessas rela\u00e7\u00f5es humanas surgem algumas obriga\u00e7\u00f5es reguladas pelo Direito.<\/p>\n<p style=\"text-align: center;\">Dessa forma, o Direito de Fam\u00edlia visa tutelar essas rela\u00e7\u00f5es amparando os membros que comp\u00f5e a fam\u00edlia.<\/p>\n<p>[\/vc_column_text][\/vc_column_inner][\/vc_row_inner][\/vc_column][\/vc_row][vc_row content_placement=&#8221;middle&#8221;][vc_column][\/vc_column][\/vc_row][vc_row full_width=&#8221;stretch_row&#8221; css=&#8221;.vc_custom_1610507138527{padding-top: 80px !important;padding-bottom: 85px !important;background-color: #31736e !important;}&#8221;][vc_column offset=&#8221;vc_col-lg-offset-2 vc_col-lg-8 vc_col-md-offset-2 vc_col-md-8 vc_col-sm-offset-0 vc_col-xs-12&#8243;]<div id=\"ultimate-heading-806869f767f3d58fe\" class=\"uvc-heading ult-adjust-bottom-margin ultimate-heading-806869f767f3d58fe uvc-718  uvc-heading-default-font-sizes\" data-hspacer=\"no_spacer\"  data-halign=\"center\" style=\"text-align:center\"><div class=\"uvc-heading-spacer no_spacer\" style=\"top\"><\/div><div class=\"uvc-main-heading ult-responsive\"  data-ultimate-target='.uvc-heading.ultimate-heading-806869f767f3d58fe h2'  data-responsive-json-new='{\"font-size\":\"\",\"line-height\":\"\"}' ><h2 style=\"font-weight:bold;color:#ffffff;margin-bottom:15px;\">Mande uma mensagem<\/h2><\/div><div class=\"uvc-sub-heading ult-responsive\"  data-ultimate-target='.uvc-heading.ultimate-heading-806869f767f3d58fe .uvc-sub-heading '  data-responsive-json-new='{\"font-size\":\"\",\"line-height\":\"\"}'  style=\"font-weight:normal;color:rgba(255,255,255,0.7);margin-bottom:30px;\">Tire suas d\u00favidas e conhe\u00e7a mais sobre minha atua\u00e7\u00e3o.<\/div><\/div><style type=\"text\/css\" data-type=\"the7_shortcodes-inline-css\">#default-btn-7dc3d1c58ba905ab295a4e86e957e3dd {\n  border-radius: 100px;\n  font-size: 16px;\n  line-height: 18px;\n}\n.btn-shadow#default-btn-7dc3d1c58ba905ab295a4e86e957e3dd {\n  box-shadow: 0 1px 6px rgba(0,0,0,0.12);\n  transition: box-shadow 0.2s ease-out, opacity 0.45s;\n}\n.btn-shadow#default-btn-7dc3d1c58ba905ab295a4e86e957e3dd:hover {\n  box-shadow: 0 5px 11px 0 rgba(0,0,0,0.18), 0 4px 15px 0 rgba(0,0,0,0.15);\n}\n.btn-3d#default-btn-7dc3d1c58ba905ab295a4e86e957e3dd:hover {\n  box-shadow: 0px 2px 0px 0px rgba(224,224,224,0.05);\n}\n.btn-flat#default-btn-7dc3d1c58ba905ab295a4e86e957e3dd {\n  box-shadow: none;\n}\n.btn-flat#default-btn-7dc3d1c58ba905ab295a4e86e957e3dd:hover {\n  box-shadow: none;\n}\n#default-btn-7dc3d1c58ba905ab295a4e86e957e3dd.ico-right-side > i {\n  margin-right: 0px;\n  margin-left: 8px;\n}\n#default-btn-7dc3d1c58ba905ab295a4e86e957e3dd > i {\n  margin-right: 8px;\n  font-size: 16px;\n}\n#default-btn-7dc3d1c58ba905ab295a4e86e957e3dd:not(:hover) {\n  border-width: 3px;\n  border-color: rgba(255,255,255,0.3) !important;\n  color: #ffffff;\n  background: none !important;\n  padding: 16px 10px 16px 10px;\n}\n#default-btn-7dc3d1c58ba905ab295a4e86e957e3dd:not(:hover) * {\n  color: #ffffff;\n}\n#default-btn-7dc3d1c58ba905ab295a4e86e957e3dd:hover {\n  border-width: 3px;\n  border-color: rgba(255,255,255,0.45) !important;\n  color: #ffffff;\n  background: rgba(255,255,255,0.05) !important;\n  padding: 16px 10px 16px 10px;\n}\n#default-btn-7dc3d1c58ba905ab295a4e86e957e3dd:hover * {\n  color: #ffffff;\n}\n#default-btn-7dc3d1c58ba905ab295a4e86e957e3dd.ico-right-side > i {\n  margin-right: 0px;\n  margin-left: 8px;\n}\n#default-btn-7dc3d1c58ba905ab295a4e86e957e3dd > i {\n  margin-right: 8px;\n}\n#default-btn-7dc3d1c58ba905ab295a4e86e957e3dd * {\n  vertical-align: middle;\n}\n<\/style><div class=\"btn-align-center\"><a href=\"?p=3684\" class=\"default-btn-shortcode dt-btn link-hover-off ico-right-side btn-flat \" id=\"default-btn-7dc3d1c58ba905ab295a4e86e957e3dd\" style=\"width:240px;\"><span>Entre em Contato<\/span><i class=\"icomoon-the7-font-the7-arrow-09\"><\/i><\/a><\/div>[\/vc_column][\/vc_row]<\/p>\n","protected":false},"excerpt":{"rendered":"<p>[vc_row content_placement=&#8221;middle&#8221; css=&#8221;.vc_custom_1575390546273{padding-top: 55px !important;padding-bottom: 55px !important;}&#8221;][vc_column][vc_row_inner equal_height=&#8221;yes&#8221; content_placement=&#8221;middle&#8221;][vc_column_inner width=&#8221;1\/2&#8243; css=&#8221;.vc_custom_1610506450350{margin-top: 30px !important;margin-right: 25px !important;margin-bottom: 30px !important;margin-left: 25px !important;padding-top: 40% !important;padding-bottom: 40% !important;background-image: url(http:\/\/carolmattosgalvao.com.br\/wp-content\/uploads\/2021\/01\/direito-da-familia.jpg?id=3805) !important;background-position: center !important;background-repeat: no-repeat !important;background-size: cover !important;}&#8221;][\/vc_column_inner][vc_column_inner width=&#8221;1\/2&#8243; css=&#8221;.vc_custom_1575390506246{margin-top: 30px !important;margin-bottom: 30px !important;}&#8221;][vc_column_text] As fam\u00edlias se formam pela afetividade e dessas rela\u00e7\u00f5es humanas surgem algumas obriga\u00e7\u00f5es reguladas pelo Direito. Dessa forma,&hellip;<\/p>\n","protected":false},"author":1,"featured_media":3805,"parent":3681,"menu_order":1,"comment_status":"closed","ping_status":"closed","template":"","meta":[],"class_list":["post-3690","page","type-page","status-publish","has-post-thumbnail","hentry","description-off"],"_links":{"self":[{"href":"https:\/\/carolmattosgalvao.com.br\/index.php?rest_route=\/wp\/v2\/pages\/3690","targetHints":{"allow":["GET"]}}],"collection":[{"href":"https:\/\/carolmattosgalvao.com.br\/index.php?rest_route=\/wp\/v2\/pages"}],"about":[{"href":"https:\/\/carolmattosgalvao.com.br\/index.php?rest_route=\/wp\/v2\/types\/page"}],"author":[{"embeddable":true,"href":"https:\/\/carolmattosgalvao.com.br\/index.php?rest_route=\/wp\/v2\/users\/1"}],"replies":[{"embeddable":true,"href":"https:\/\/carolmattosgalvao.com.br\/index.php?rest_route=%2Fwp%2Fv2%2Fcomments&post=3690"}],"version-history":[{"count":13,"href":"https:\/\/carolmattosgalvao.com.br\/index.php?rest_route=\/wp\/v2\/pages\/3690\/revisions"}],"predecessor-version":[{"id":3815,"href":"https:\/\/carolmattosgalvao.com.br\/index.php?rest_route=\/wp\/v2\/pages\/3690\/revisions\/3815"}],"up":[{"embeddable":true,"href":"https:\/\/carolmattosgalvao.com.br\/index.php?rest_route=\/wp\/v2\/pages\/3681"}],"wp:featuredmedia":[{"embeddable":true,"href":"https:\/\/carolmattosgalvao.com.br\/index.php?rest_route=\/wp\/v2\/media\/3805"}],"wp:attachment":[{"href":"https:\/\/carolmattosgalvao.com.br\/index.php?rest_route=%2Fwp%2Fv2%2Fmedia&parent=3690"}],"curies":[{"name":"wp","href":"https:\/\/api.w.org\/{rel}","templated":true}]}}