{"id":1479,"date":"2019-10-16T16:11:29","date_gmt":"2019-10-16T19:11:29","guid":{"rendered":"https:\/\/the7.io\/company\/?page_id=1479"},"modified":"2021-01-13T23:47:23","modified_gmt":"2021-01-14T02:47:23","slug":"quem-sou","status":"publish","type":"page","link":"https:\/\/carolmattosgalvao.com.br\/?page_id=1479","title":{"rendered":"Quem sou"},"content":{"rendered":"<p>[vc_row content_placement=&#8221;middle&#8221; css=&#8221;.vc_custom_1575390546273{padding-top: 55px !important;padding-bottom: 55px !important;}&#8221;][vc_column width=&#8221;1\/2&#8243;][vc_row_inner equal_height=&#8221;yes&#8221; content_placement=&#8221;middle&#8221;][vc_column_inner css=&#8221;.vc_custom_1610592418371{margin-top: 30px !important;margin-right: 25px !important;margin-bottom: 30px !important;margin-left: 25px !important;padding-top: 40% !important;padding-bottom: 40% !important;background-image: url(http:\/\/carolmattosgalvao.com.br\/wp-content\/uploads\/2021\/01\/carolina.jpg?id=3904) !important;background-position: center !important;background-repeat: no-repeat !important;background-size: cover !important;}&#8221;][\/vc_column_inner][\/vc_row_inner][vc_row_inner][vc_column_inner width=&#8221;1\/2&#8243;][vc_single_image image=&#8221;3737&#8243; img_size=&#8221;&#8221;][\/vc_column_inner][vc_column_inner width=&#8221;1\/2&#8243;][vc_single_image image=&#8221;3905&#8243; img_size=&#8221;&#8221;][\/vc_column_inner][\/vc_row_inner][\/vc_column][vc_column width=&#8221;1\/2&#8243;]<div id=\"ultimate-heading-861369f9cdb734c99\" class=\"uvc-heading ult-adjust-bottom-margin ultimate-heading-861369f9cdb734c99 uvc-4121 \" data-hspacer=\"no_spacer\"  data-halign=\"left\" style=\"text-align:left\"><div class=\"uvc-heading-spacer no_spacer\" style=\"top\"><\/div><div class=\"uvc-main-heading ult-responsive\"  data-ultimate-target='.uvc-heading.ultimate-heading-861369f9cdb734c99 h3'  data-responsive-json-new='{\"font-size\":\"desktop:40px;\",\"line-height\":\"\"}' ><h3 style=\"font-family:&#039;Lobster Two&#039;;font-weight:bold;color:#31736e;margin-bottom:20px;\">Carol Mattos Galv\u00e3o<\/h3><\/div><div class=\"uvc-sub-heading ult-responsive\"  data-ultimate-target='.uvc-heading.ultimate-heading-861369f9cdb734c99 .uvc-sub-heading '  data-responsive-json-new='{\"font-size\":\"desktop:24px;\",\"line-height\":\"desktop:30px;\"}'  style=\"font-weight:bold;color:#7a7a7a;margin-bottom:30px;\">OAB\/SP 240.098<\/div><\/div>[vc_column_text]<\/p>\n<p style=\"text-align: justify;\">Sou Carol Mattos Galv\u00e3o, filha de Valdevir e C\u00e9lia, esposa do Hugo e apaixonada pelo Direito e pelos animais.<\/p>\n<p style=\"text-align: justify;\">Advogada desde 2005, busca aproximar o Direito da vida comum, auxiliando o cliente a ampliar a vis\u00e3o sobre o conflito e assim buscando a melhor solu\u00e7\u00e3o.<\/p>\n<p>[\/vc_column_text]<div id=\"ultimate-heading-320969f9cdb734d74\" class=\"uvc-heading ult-adjust-bottom-margin ultimate-heading-320969f9cdb734d74 uvc-9768  uvc-heading-default-font-sizes\" data-hspacer=\"no_spacer\"  data-halign=\"left\" style=\"text-align:left\"><div class=\"uvc-heading-spacer no_spacer\" style=\"top\"><\/div><div class=\"uvc-main-heading ult-responsive\"  data-ultimate-target='.uvc-heading.ultimate-heading-320969f9cdb734d74 h3'  data-responsive-json-new='{\"font-size\":\"\",\"line-height\":\"\"}' ><h3 style=\"font-family:&#039;Lobster Two&#039;;font-weight:bold;color:#31736e;margin-top:30px;margin-bottom:20px;\">Forma\u00e7\u00e3o &amp; Atua\u00e7\u00e3o<\/h3><\/div><\/div>[vc_row_inner][vc_column_inner width=&#8221;1\/2&#8243;]<div class=\"standard-arrow list-divider bullet-top\"><ul>\n<li>Advogada inscrita na OAB\/SP 240.098<\/li>\n<li>Graduada em Direito pela UNIARA<\/li>\n<li>P\u00f3s-graduanda em Direito Constitucional e Administrativo pela EPD<\/li>\n<li>Presidente das Comiss\u00f5es de Prote\u00e7\u00e3o e Defesa Animal e Direito Sist\u00eamico da OAB Araraquara.<\/li>\n<\/ul>\n<\/div>[\/vc_column_inner][vc_column_inner width=&#8221;1\/2&#8243;]<div class=\"standard-arrow list-divider bullet-top\"><ul>\n<li>Presidente do Conselho Municipal de Prote\u00e7\u00e3o e Defesa Animal<\/li>\n<li>Fundadora e Coordenadora do Projeto #meadote<\/li>\n<li>Formada em Pensamento Sist\u00eamico pela SBSIS<\/li>\n<li>Em forma\u00e7\u00e3o em IoPT pelo Yulli Roter M\u00e9todos Sist\u00eamicos<\/li>\n<\/ul>\n<\/div>[\/vc_column_inner][\/vc_row_inner][\/vc_column][\/vc_row][vc_row full_width=&#8221;stretch_row&#8221; content_placement=&#8221;middle&#8221; css=&#8221;.vc_custom_1575392669413{padding-top: 80px !important;padding-bottom: 60px !important;background-color: rgba(0,0,0,0.04) !important;*background-color: rgb(0,0,0) !important;}&#8221;][vc_column offset=&#8221;vc_col-lg-4 vc_col-md-12&#8243; css=&#8221;.vc_custom_1575378589868{padding-bottom: 20px !important;}&#8221;]<div id=\"ultimate-heading-386869f9cdb734e7c\" class=\"uvc-heading ult-adjust-bottom-margin ultimate-heading-386869f9cdb734e7c uvc-4027  uvc-heading-default-font-sizes\" data-hspacer=\"no_spacer\"  data-halign=\"center\" style=\"text-align:center\"><div class=\"uvc-heading-spacer no_spacer\" style=\"top\"><\/div><div class=\"uvc-main-heading ult-responsive\"  data-ultimate-target='.uvc-heading.ultimate-heading-386869f9cdb734e7c h2'  data-responsive-json-new='{\"font-size\":\"\",\"line-height\":\"\"}' ><h2 style=\"font-weight:bold;margin-bottom:0px;\">Entre em contato!<\/h2><\/div><\/div>[\/vc_column][vc_column offset=&#8221;vc_col-lg-4 vc_col-md-12&#8243; css=&#8221;.vc_custom_1575378595138{padding-bottom: 20px !important;}&#8221;]<div id=\"ultimate-heading-897569f9cdb734eab\" class=\"uvc-heading ult-adjust-bottom-margin ultimate-heading-897569f9cdb734eab uvc-1711 \" data-hspacer=\"no_spacer\"  data-halign=\"center\" style=\"text-align:center\"><div class=\"uvc-heading-spacer no_spacer\" style=\"top\"><\/div><div class=\"uvc-main-heading ult-responsive\"  data-ultimate-target='.uvc-heading.ultimate-heading-897569f9cdb734eab h2'  data-responsive-json-new='{\"font-size\":\"desktop:24px;\",\"line-height\":\"desktop:34px;\"}' ><h2 style=\"font-weight:bold;\">16 99179-2591<\/h2><\/div><div class=\"uvc-sub-heading ult-responsive\"  data-ultimate-target='.uvc-heading.ultimate-heading-897569f9cdb734eab .uvc-sub-heading '  data-responsive-json-new='{\"font-size\":\"desktop:20px;\",\"line-height\":\"desktop:30px;\"}'  style=\"font-weight:normal;color:#31736e;\">carolina_galvao@yahoo.com.br<\/div><\/div>[\/vc_column][vc_column offset=&#8221;vc_col-lg-4 vc_col-md-12 vc_col-xs-12&#8243; css=&#8221;.vc_custom_1575378844390{padding-bottom: 20px !important;}&#8221;]<style type=\"text\/css\" data-type=\"the7_shortcodes-inline-css\">#default-btn-c72b832b6117a78ec9c8f08046082231 {\n  border-radius: 100px;\n  font-size: 16px;\n  line-height: 18px;\n}\n.btn-shadow#default-btn-c72b832b6117a78ec9c8f08046082231 {\n  box-shadow: 0 1px 6px rgba(0,0,0,0.12);\n  transition: box-shadow 0.2s ease-out, opacity 0.45s;\n}\n.btn-shadow#default-btn-c72b832b6117a78ec9c8f08046082231:hover {\n  box-shadow: 0 5px 11px 0 rgba(0,0,0,0.18), 0 4px 15px 0 rgba(0,0,0,0.15);\n}\n.btn-flat#default-btn-c72b832b6117a78ec9c8f08046082231 {\n  box-shadow: none;\n}\n.btn-flat#default-btn-c72b832b6117a78ec9c8f08046082231:hover {\n  box-shadow: none;\n}\n#default-btn-c72b832b6117a78ec9c8f08046082231.ico-right-side > i {\n  margin-right: 0px;\n  margin-left: 8px;\n}\n#default-btn-c72b832b6117a78ec9c8f08046082231 > i {\n  margin-right: 8px;\n  font-size: 16px;\n}\n#default-btn-c72b832b6117a78ec9c8f08046082231:not(:hover) {\n  border-width: 0px;\n  color: #ffffff;\n  padding: 19px 13px 19px 13px;\n}\n#default-btn-c72b832b6117a78ec9c8f08046082231:not(:hover) * {\n  color: #ffffff;\n}\n#default-btn-c72b832b6117a78ec9c8f08046082231:hover {\n  border-width: 0px;\n  color: #ffffff;\n  padding: 19px 13px 19px 13px;\n}\n#default-btn-c72b832b6117a78ec9c8f08046082231:hover * {\n  color: #ffffff;\n}\n#default-btn-c72b832b6117a78ec9c8f08046082231.ico-right-side > i {\n  margin-right: 0px;\n  margin-left: 8px;\n}\n#default-btn-c72b832b6117a78ec9c8f08046082231 > i {\n  margin-right: 8px;\n}\n#default-btn-c72b832b6117a78ec9c8f08046082231 * {\n  vertical-align: middle;\n}\n<\/style><div class=\"btn-align-center\"><a href=\"http:\/\/carolmattosgalvao.com.br\/?page_id=3684\" class=\"default-btn-shortcode dt-btn link-hover-off ico-right-side btn-flat \" id=\"default-btn-c72b832b6117a78ec9c8f08046082231\" style=\"width:240px;\" title=\"Contato\"><span>Formul\u00e1rio de Contato<\/span><i class=\"icomoon-the7-font-the7-mail-011\"><\/i><\/a><\/div>[\/vc_column][\/vc_row]<\/p>\n","protected":false},"excerpt":{"rendered":"<p>[vc_row content_placement=&#8221;middle&#8221; css=&#8221;.vc_custom_1575390546273{padding-top: 55px !important;padding-bottom: 55px !important;}&#8221;][vc_column width=&#8221;1\/2&#8243;][vc_row_inner equal_height=&#8221;yes&#8221; content_placement=&#8221;middle&#8221;][vc_column_inner css=&#8221;.vc_custom_1610592418371{margin-top: 30px !important;margin-right: 25px !important;margin-bottom: 30px !important;margin-left: 25px !important;padding-top: 40% !important;padding-bottom: 40% !important;background-image: url(http:\/\/carolmattosgalvao.com.br\/wp-content\/uploads\/2021\/01\/carolina.jpg?id=3904) !important;background-position: center !important;background-repeat: no-repeat !important;background-size: cover !important;}&#8221;][\/vc_column_inner][\/vc_row_inner][vc_row_inner][vc_column_inner width=&#8221;1\/2&#8243;][vc_single_image image=&#8221;3737&#8243; img_size=&#8221;&#8221;][\/vc_column_inner][vc_column_inner width=&#8221;1\/2&#8243;][vc_single_image image=&#8221;3905&#8243; img_size=&#8221;&#8221;][\/vc_column_inner][\/vc_row_inner][\/vc_column][vc_column width=&#8221;1\/2&#8243;][vc_column_text] Sou Carol Mattos Galv\u00e3o, filha de Valdevir e C\u00e9lia, esposa do Hugo e apaixonada pelo Direito e&hellip;<\/p>\n","protected":false},"author":1,"featured_media":3737,"parent":0,"menu_order":1,"comment_status":"closed","ping_status":"closed","template":"","meta":[],"class_list":["post-1479","page","type-page","status-publish","has-post-thumbnail","hentry","description-off"],"_links":{"self":[{"href":"https:\/\/carolmattosgalvao.com.br\/index.php?rest_route=\/wp\/v2\/pages\/1479","targetHints":{"allow":["GET"]}}],"collection":[{"href":"https:\/\/carolmattosgalvao.com.br\/index.php?rest_route=\/wp\/v2\/pages"}],"about":[{"href":"https:\/\/carolmattosgalvao.com.br\/index.php?rest_route=\/wp\/v2\/types\/page"}],"author":[{"embeddable":true,"href":"https:\/\/carolmattosgalvao.com.br\/index.php?rest_route=\/wp\/v2\/users\/1"}],"replies":[{"embeddable":true,"href":"https:\/\/carolmattosgalvao.com.br\/index.php?rest_route=%2Fwp%2Fv2%2Fcomments&post=1479"}],"version-history":[{"count":17,"href":"https:\/\/carolmattosgalvao.com.br\/index.php?rest_route=\/wp\/v2\/pages\/1479\/revisions"}],"predecessor-version":[{"id":3906,"href":"https:\/\/carolmattosgalvao.com.br\/index.php?rest_route=\/wp\/v2\/pages\/1479\/revisions\/3906"}],"wp:featuredmedia":[{"embeddable":true,"href":"https:\/\/carolmattosgalvao.com.br\/index.php?rest_route=\/wp\/v2\/media\/3737"}],"wp:attachment":[{"href":"https:\/\/carolmattosgalvao.com.br\/index.php?rest_route=%2Fwp%2Fv2%2Fmedia&parent=1479"}],"curies":[{"name":"wp","href":"https:\/\/api.w.org\/{rel}","templated":true}]}}